{"id":1526,"date":"2018-08-27T09:00:03","date_gmt":"2018-08-27T07:00:03","guid":{"rendered":"http:\/\/aymericvincent.fr\/?page_id=1526"},"modified":"2020-08-08T09:08:37","modified_gmt":"2020-08-08T07:08:37","slug":"a-propos","status":"publish","type":"page","link":"https:\/\/www.aymericvincent.fr\/?page_id=1526","title":{"rendered":"A propos"},"content":{"rendered":"<p><a href=\"https:\/\/www.aymericvincent.fr\/wp-content\/uploads\/2019\/11\/aymeric_vincent.jpg\"><img loading=\"lazy\" decoding=\"async\" class=\"alignleft wp-image-11118 size-medium\" src=\"https:\/\/www.aymericvincent.fr\/wp-content\/uploads\/2019\/11\/aymeric_vincent-300x200.jpg\" alt=\"\" width=\"300\" height=\"200\" srcset=\"https:\/\/www.aymericvincent.fr\/wp-content\/uploads\/2019\/11\/aymeric_vincent-300x200.jpg 300w, https:\/\/www.aymericvincent.fr\/wp-content\/uploads\/2019\/11\/aymeric_vincent-768x512.jpg 768w, https:\/\/www.aymericvincent.fr\/wp-content\/uploads\/2019\/11\/aymeric_vincent-1024x683.jpg 1024w, https:\/\/www.aymericvincent.fr\/wp-content\/uploads\/2019\/11\/aymeric_vincent-570x380.jpg 570w\" sizes=\"auto, (max-width: 300px) 100vw, 300px\" \/><\/a><\/p>\n<p>Aymeric Vincent est aujourd&rsquo;hui <a href=\"http:\/\/www.linkedin.com\/in\/aymericvincent\" target=\"_blank\" rel=\"noopener noreferrer\">Directeur de la transformation et de l&rsquo;innovation RH<\/a>. Il a exerc\u00e9 les fonctions de Responsable Emploi et Mobilit\u00e9 dans un groupe de presse puis Adjoint RH dans une soci\u00e9t\u00e9 internationale de conseil en Ressources Humaines. Il a occup\u00e9 ensuite les fonctions de Directeur des Ressources Humaines adjoint (DRH adjoint) puis <a href=\"http:\/\/www.linkedin.com\/in\/aymericvincent\" target=\"_blank\" rel=\"noopener noreferrer\">Directeur des Talents et du D\u00e9veloppement des Ressources Humaines<\/a> dans l&rsquo;univers de l&rsquo;\u00e9dition.<\/p>\n<h5><\/h5>\n<h4>Il est l&rsquo;auteur de:<\/h4>\n<ul>\n<li><a href=\"http:\/\/aymericvincent.fr\/?p=19\">Bien r\u00e9pondre aux questions des recruteurs<\/a>, Editions Studyrama, 2007<\/li>\n<li><a href=\"http:\/\/aymericvincent.fr\/?p=258\">Votre image candidat<\/a>, Editions Studyrama, 2008<\/li>\n<li><a href=\"http:\/\/aymericvincent.fr\/?p=499\">R\u00e9ussir son entretien d&#8217;embauche<\/a>, Editions Hobsons, 2009<\/li>\n<li><a href=\"http:\/\/aymericvincent.fr\/?p=1189\" target=\"_self\" rel=\"noopener noreferrer\">R\u00e9pondre aux questions des recruteurs<\/a>, Editions Vocatis, 2010<\/li>\n<li><a href=\"http:\/\/aymericvincent.fr\/?p=1523\" target=\"_self\" rel=\"noopener noreferrer\">D\u00e9crocher un emploi gr\u00e2ce aux r\u00e9seaux<\/a>, Editions Vocatis, 2010<\/li>\n<li><a href=\"http:\/\/www.aymericvincent.fr\/?p=5838\">Construire son image candidat<\/a>, Editions StudyramaPro, f\u00e9vrier 2014<\/li>\n<li><a href=\"http:\/\/www.aymericvincent.fr\/?p=6130\">R\u00e9pondre aux questions des recruteurs<\/a>, Editions StudyramaPro, avril 2014 (deuxi\u00e8me \u00e9dition)<\/li>\n<li><a href=\"http:\/\/www.aymericvincent.fr\/?p=6673\">R\u00e9pondre aux questions des recruteurs<\/a>, Editions StudyramaPro, novembre 2014 (troisi\u00e8me \u00e9dition)<\/li>\n<\/ul>\n<p><a href=\"http:\/\/www.aymericvincent.fr\/?p=19\" target=\"_self\" rel=\"noopener noreferrer\"><img loading=\"lazy\" decoding=\"async\" class=\"alignnone size-full wp-image-17\" title=\"Bien r\u00e9pondre aux questions des recruteurs\" src=\"http:\/\/aymericvincent.fr\/wp-content\/uploads\/2008\/03\/aymeric_vincent.jpg\" alt=\"\" width=\"77\" height=\"129\" \/><\/a> <a href=\"http:\/\/www.aymericvincent.fr\/?p=258\" target=\"_self\" rel=\"noopener noreferrer\"><img loading=\"lazy\" decoding=\"async\" class=\"alignnone size-full wp-image-259\" title=\"Votre image candidat\" src=\"http:\/\/aymericvincent.fr\/wp-content\/uploads\/2008\/09\/votre_image_candidat.jpg\" alt=\"\" width=\"80\" height=\"127\" \/><\/a> <a href=\"http:\/\/www.aymericvincent.fr\/?p=499\" target=\"_self\" rel=\"noopener noreferrer\"><img loading=\"lazy\" decoding=\"async\" class=\"alignnone size-full wp-image-500\" title=\"Aymeric Vincent, R\u00e9ussir son entretien d'embauche\" src=\"http:\/\/aymericvincent.fr\/wp-content\/uploads\/2009\/05\/aymeric_vincent_livre.jpg\" alt=\"\" width=\"89\" height=\"129\" \/><\/a> <a href=\"http:\/\/www.aymericvincent.fr\/?p=1189\" target=\"_self\" rel=\"noopener noreferrer\"><img loading=\"lazy\" decoding=\"async\" class=\"alignnone size-full wp-image-1119\" title=\"Repondre aux questions des recruteurs - Aymeric Vincent\" src=\"http:\/\/aymericvincent.fr\/wp-content\/uploads\/2010\/04\/Repondre_questions_recruteurs_aymeric_vincent_petit-e1271054049164.jpg\" alt=\"Repondre aux questions des recruteurs - Aymeric Vincent\" width=\"79\" height=\"129\" \/><\/a><\/p>\n<p><a href=\"http:\/\/www.aymericvincent.fr\/?p=1523\"><img loading=\"lazy\" decoding=\"async\" class=\"size-full wp-image-1524\" title=\"decrocher_emploi_reseaux\" src=\"http:\/\/aymericvincent.fr\/wp-content\/uploads\/2010\/07\/decrocher_emploi_reseaux.jpg\" alt=\"D\u00e9crocher un emploi gr\u00e2ce aux r\u00e9seaux - Aymeric Vincent\" width=\"81\" height=\"129\" \/><\/a> <a href=\"http:\/\/www.aymericvincent.fr\/wp-content\/uploads\/2014\/01\/construire_image_candidat_aymeric-vincent.jpg\"><img loading=\"lazy\" decoding=\"async\" class=\"size-full wp-image-5845 alignnone\" src=\"http:\/\/www.aymericvincent.fr\/wp-content\/uploads\/2014\/01\/construire_image_candidat_aymeric-vincent.jpg\" alt=\"Construire son image candidat de Aymeric Vincent\" width=\"82\" height=\"129\" \/><\/a>\u00a0<a href=\"http:\/\/www.aymericvincent.fr\/?p=6130\"><img loading=\"lazy\" decoding=\"async\" class=\"size-full wp-image-6128\" src=\"http:\/\/www.aymericvincent.fr\/wp-content\/uploads\/2014\/03\/repondre_questions_recruteu.jpg\" alt=\"R\u00e9pondre aux questions des recruteurs de Aymeric Vincent\" width=\"80\" height=\"129\" \/><\/a>\u00a0 <a href=\"http:\/\/www.aymericvincent.fr\/?p=6673\"><img loading=\"lazy\" decoding=\"async\" class=\"alignnone wp-image-6676 size-full\" title=\"Aymeric Vincent, R\u00e9pondre aux questions des recruteurs\" src=\"http:\/\/www.aymericvincent.fr\/wp-content\/uploads\/2014\/11\/Repondre_questions_recruteurs_aymericvincent_3ep.jpg\" alt=\"Repondre aux questions des recruteurs Aymeric Vincent\" width=\"80\" height=\"130\" \/><\/a><\/p>\n<p>Le site <a href=\"https:\/\/www.aymericvincent.fr\">https:\/\/www.aymericvincent.fr<\/a> est h\u00e9berg\u00e9 par\u00a0OVH (2 rue Kellermann \u2013 59100 ROUBAIX \u2013 France.\u00a0\u00a0Pour contacter cet h\u00e9bergeur, rendez-vous \u00e0 l\u2019adresse https:\/\/www.ovh.com\/fr\/support\/).<\/p>\n<p>Les \u00e9l\u00e9ments de ce site sont exprim\u00e9s \u00e0 titre personnel, sauf mention contraire.<\/p>\n<p>La rubrique \u00ab\u00a0on m&rsquo;en parle\u00a0\u00bb ne vaut pas caution \/ parrainage par l&rsquo;auteur du blog de l&rsquo;\u00e9v\u00e9nement annonc\u00e9. Elle reprend simplement des \u00e9v\u00e9nements ayant retenu son attention. Elle est, par nature, \u00e9ph\u00e9m\u00e8re et n&rsquo;apparait pas en permanence sur le blog.<\/p>\n<p><em>Pour toute demande de partenariat entre ce blog et vous, de relais d&rsquo;information, d&rsquo;envois de livres, d&rsquo;invitations\u00a0ou autres, n&rsquo;h\u00e9sitez pas \u00e0 m&rsquo;adresser un e-mail (adresse ci-dessous)\u00a0en pr\u00e9cisant votre demande afin que j&rsquo;en prenne connaissance et puisse y r\u00e9pondre dans les meilleurs d\u00e9lais.<\/em><\/p>\n<p>Le contenu des textes, et notamment les r\u00e9f\u00e9rences \u00e0 la l\u00e9gislation, peut ne plus \u00eatre conforme aux obligations l\u00e9gales en vigueur au moment de la lecture de celui-ci.<\/p>\n<p>Tous droits de repr\u00e9sentation, de reproduction et d&rsquo;adaptation r\u00e9serv\u00e9s.<\/p>\n<h4>Retrouvez moi notamment sur:<\/h4>\n<p>&#8211; <a href=\"https:\/\/twitter.com\/aymericvincent\" target=\"_blank\" rel=\"noopener noreferrer\">Twitter<\/a><br \/>\n&#8211; <a href=\"http:\/\/www.linkedin.com\/in\/aymericvincent\" target=\"_blank\" rel=\"noopener noreferrer\">Linkedin<\/a><br \/>\n&#8211; <a href=\"http:\/\/instagram.com\/aymericvincent\" target=\"_blank\" rel=\"noopener noreferrer\">Instagram<\/a><\/p>\n<p>Pour me contacter : sur les <a href=\"http:\/\/www.aymericvincent.fr\/?cat=12\">r\u00e9seaux sociaux<\/a> ou par e-mail\u00a0 blogaymeric\u00a0 at\u00a0 gmail\u00a0 .\u00a0 com<\/p>\n<p>Le site\u00a0<a class=\"external\" href=\"https:\/\/www.aymericvincent.fr\/\">Aymeric Vincent<\/a>\u00a0est susceptible de comporter des cookies. Les cookies sont utilis\u00e9s pour am\u00e9liorer votre exp\u00e9rience et r\u00e9aliser des mesures d\u2019audience.<\/p>\n<p>Les cookies sont sans dommage pour votre terminal (ordinateur, tablette, Smartphone, etc.). Vous \u00eates libre d\u2019accepter ou de refuser les cookies en configurant votre navigateur.<\/p>\n<p>Les cookies sont anonymes et ne sont en aucun cas utilis\u00e9s pour collecter des donn\u00e9es \u00e0 caract\u00e8re personnel, mais uniquement \u00e0 des fins de connexion et statistiques.<\/p>\n<p>Nous gardons trace, via ces cookies, des mesures d\u2019audience. Cette utilisation est faite \u00e0 des fins d\u2019analyses statistiques, et sont d\u00e9truites au plus tard dans un d\u00e9lai d\u2019un an \u00e0 compter de leur collecte.<\/p>\n","protected":false},"excerpt":{"rendered":"<p>Aymeric Vincent est aujourd&rsquo;hui Directeur de la transformation et de l&rsquo;innovation RH. Il a exerc\u00e9 les fonctions de Responsable Emploi et Mobilit\u00e9 dans un groupe de presse puis Adjoint RH dans une soci\u00e9t\u00e9 internationale de conseil en Ressources Humaines. Il a occup\u00e9 ensuite les fonctions de Directeur des Ressources Humaines adjoint (DRH adjoint) puis Directeur [&hellip;]<\/p>\n","protected":false},"author":1,"featured_media":0,"parent":0,"menu_order":0,"comment_status":"closed","ping_status":"open","template":"","meta":{"_monsterinsights_skip_tracking":false,"_monsterinsights_sitenote_active":false,"_monsterinsights_sitenote_note":"","_monsterinsights_sitenote_category":0,"footnotes":""},"class_list":["post-1526","page","type-page","status-publish","hentry"],"yoast_head":"<!-- This site is optimized with the Yoast SEO plugin v27.3 - https:\/\/yoast.com\/product\/yoast-seo-wordpress\/ -->\n<title>A propos | Aymeric Vincent<\/title>\n<meta name=\"description\" content=\"Aymeric Vincent est aujourd&#039;hui Directeur de projets RH, en charge de la transformation et de l&#039;innovation. Il a exerc\u00e9 les fonctions de Responsable Emploi et Mobilit\u00e9 dans un groupe de presse puis Adjoint RH dans une soci\u00e9t\u00e9 internationale de conseil en Ressources Humaines. Il a occup\u00e9 ensuite les fonctions de Directeur des Ressources Humaines adjoint (DRH adjoint) puis Directeur des Talents et du D\u00e9veloppement des Ressources Humaines dans l&#039;univers de l&#039;\u00e9dition.\" \/>\n<meta name=\"robots\" content=\"index, follow, max-snippet:-1, max-image-preview:large, max-video-preview:-1\" \/>\n<link rel=\"canonical\" href=\"https:\/\/www.aymericvincent.fr\/?page_id=1526\" \/>\n<meta property=\"og:locale\" content=\"fr_FR\" \/>\n<meta property=\"og:type\" content=\"article\" \/>\n<meta property=\"og:title\" content=\"A propos | Aymeric Vincent\" \/>\n<meta property=\"og:description\" content=\"Aymeric Vincent est aujourd&#039;hui Directeur de projets RH, en charge de la transformation et de l&#039;innovation. Il a exerc\u00e9 les fonctions de Responsable Emploi et Mobilit\u00e9 dans un groupe de presse puis Adjoint RH dans une soci\u00e9t\u00e9 internationale de conseil en Ressources Humaines. Il a occup\u00e9 ensuite les fonctions de Directeur des Ressources Humaines adjoint (DRH adjoint) puis Directeur des Talents et du D\u00e9veloppement des Ressources Humaines dans l&#039;univers de l&#039;\u00e9dition.\" \/>\n<meta property=\"og:url\" content=\"https:\/\/www.aymericvincent.fr\/?page_id=1526\" \/>\n<meta property=\"og:site_name\" content=\"Aymeric Vincent\" \/>\n<meta property=\"article:modified_time\" content=\"2020-08-08T07:08:37+00:00\" \/>\n<meta property=\"og:image\" content=\"https:\/\/www.aymericvincent.fr\/wp-content\/uploads\/2019\/11\/aymeric_vincent-300x200.jpg\" \/>\n<meta name=\"twitter:card\" content=\"summary_large_image\" \/>\n<meta name=\"twitter:site\" content=\"@aymericvincent\" \/>\n<meta name=\"twitter:label1\" content=\"Dur\u00e9e de lecture estim\u00e9e\" \/>\n\t<meta name=\"twitter:data1\" content=\"2 minutes\" \/>\n<script type=\"application\/ld+json\" class=\"yoast-schema-graph\">{\"@context\":\"https:\\\/\\\/schema.org\",\"@graph\":[{\"@type\":\"WebPage\",\"@id\":\"https:\\\/\\\/www.aymericvincent.fr\\\/?page_id=1526\",\"url\":\"https:\\\/\\\/www.aymericvincent.fr\\\/?page_id=1526\",\"name\":\"A propos | Aymeric Vincent\",\"isPartOf\":{\"@id\":\"https:\\\/\\\/www.aymericvincent.fr\\\/#website\"},\"primaryImageOfPage\":{\"@id\":\"https:\\\/\\\/www.aymericvincent.fr\\\/?page_id=1526#primaryimage\"},\"image\":{\"@id\":\"https:\\\/\\\/www.aymericvincent.fr\\\/?page_id=1526#primaryimage\"},\"thumbnailUrl\":\"https:\\\/\\\/www.aymericvincent.fr\\\/wp-content\\\/uploads\\\/2019\\\/11\\\/aymeric_vincent-300x200.jpg\",\"datePublished\":\"2018-08-27T07:00:03+00:00\",\"dateModified\":\"2020-08-08T07:08:37+00:00\",\"description\":\"Aymeric Vincent est aujourd'hui Directeur de projets RH, en charge de la transformation et de l'innovation. Il a exerc\u00e9 les fonctions de Responsable Emploi et Mobilit\u00e9 dans un groupe de presse puis Adjoint RH dans une soci\u00e9t\u00e9 internationale de conseil en Ressources Humaines. Il a occup\u00e9 ensuite les fonctions de Directeur des Ressources Humaines adjoint (DRH adjoint) puis Directeur des Talents et du D\u00e9veloppement des Ressources Humaines dans l'univers de l'\u00e9dition.\",\"breadcrumb\":{\"@id\":\"https:\\\/\\\/www.aymericvincent.fr\\\/?page_id=1526#breadcrumb\"},\"inLanguage\":\"fr-FR\",\"potentialAction\":[{\"@type\":\"ReadAction\",\"target\":[\"https:\\\/\\\/www.aymericvincent.fr\\\/?page_id=1526\"]}]},{\"@type\":\"ImageObject\",\"inLanguage\":\"fr-FR\",\"@id\":\"https:\\\/\\\/www.aymericvincent.fr\\\/?page_id=1526#primaryimage\",\"url\":\"https:\\\/\\\/www.aymericvincent.fr\\\/wp-content\\\/uploads\\\/2019\\\/11\\\/aymeric_vincent.jpg\",\"contentUrl\":\"https:\\\/\\\/www.aymericvincent.fr\\\/wp-content\\\/uploads\\\/2019\\\/11\\\/aymeric_vincent.jpg\",\"width\":6720,\"height\":4480},{\"@type\":\"BreadcrumbList\",\"@id\":\"https:\\\/\\\/www.aymericvincent.fr\\\/?page_id=1526#breadcrumb\",\"itemListElement\":[{\"@type\":\"ListItem\",\"position\":1,\"name\":\"Accueil\",\"item\":\"https:\\\/\\\/www.aymericvincent.fr\\\/\"},{\"@type\":\"ListItem\",\"position\":2,\"name\":\"A propos\"}]},{\"@type\":\"WebSite\",\"@id\":\"https:\\\/\\\/www.aymericvincent.fr\\\/#website\",\"url\":\"https:\\\/\\\/www.aymericvincent.fr\\\/\",\"name\":\"Aymeric Vincent\",\"description\":\"Le blog de Aymeric Vincent - Management, RH et Responsabilit\u00e9 Soci\u00e9tale\",\"publisher\":{\"@id\":\"https:\\\/\\\/www.aymericvincent.fr\\\/#\\\/schema\\\/person\\\/7eae4d27b09369dbd5d9d7c7b16d4643\"},\"potentialAction\":[{\"@type\":\"SearchAction\",\"target\":{\"@type\":\"EntryPoint\",\"urlTemplate\":\"https:\\\/\\\/www.aymericvincent.fr\\\/?s={search_term_string}\"},\"query-input\":{\"@type\":\"PropertyValueSpecification\",\"valueRequired\":true,\"valueName\":\"search_term_string\"}}],\"inLanguage\":\"fr-FR\"},{\"@type\":[\"Person\",\"Organization\"],\"@id\":\"https:\\\/\\\/www.aymericvincent.fr\\\/#\\\/schema\\\/person\\\/7eae4d27b09369dbd5d9d7c7b16d4643\",\"name\":\"Aymeric Vincent\",\"image\":{\"@type\":\"ImageObject\",\"inLanguage\":\"fr-FR\",\"@id\":\"https:\\\/\\\/www.aymericvincent.fr\\\/wp-content\\\/uploads\\\/2019\\\/11\\\/aymeric_vincent-1024x683.jpg\",\"url\":\"https:\\\/\\\/www.aymericvincent.fr\\\/wp-content\\\/uploads\\\/2019\\\/11\\\/aymeric_vincent-1024x683.jpg\",\"contentUrl\":\"https:\\\/\\\/www.aymericvincent.fr\\\/wp-content\\\/uploads\\\/2019\\\/11\\\/aymeric_vincent-1024x683.jpg\",\"width\":1024,\"height\":683,\"caption\":\"Aymeric Vincent\"},\"logo\":{\"@id\":\"https:\\\/\\\/www.aymericvincent.fr\\\/wp-content\\\/uploads\\\/2019\\\/11\\\/aymeric_vincent-1024x683.jpg\"},\"description\":\"Directeur des Ressources Humaines adjoint dans l'univers de l'\u00e9dition\",\"sameAs\":[\"https:\\\/\\\/www.aymericvincent.fr\"]}]}<\/script>\n<!-- \/ Yoast SEO plugin. -->","yoast_head_json":{"title":"A propos | Aymeric Vincent","description":"Aymeric Vincent est aujourd'hui Directeur de projets RH, en charge de la transformation et de l'innovation. Il a exerc\u00e9 les fonctions de Responsable Emploi et Mobilit\u00e9 dans un groupe de presse puis Adjoint RH dans une soci\u00e9t\u00e9 internationale de conseil en Ressources Humaines. Il a occup\u00e9 ensuite les fonctions de Directeur des Ressources Humaines adjoint (DRH adjoint) puis Directeur des Talents et du D\u00e9veloppement des Ressources Humaines dans l'univers de l'\u00e9dition.","robots":{"index":"index","follow":"follow","max-snippet":"max-snippet:-1","max-image-preview":"max-image-preview:large","max-video-preview":"max-video-preview:-1"},"canonical":"https:\/\/www.aymericvincent.fr\/?page_id=1526","og_locale":"fr_FR","og_type":"article","og_title":"A propos | Aymeric Vincent","og_description":"Aymeric Vincent est aujourd'hui Directeur de projets RH, en charge de la transformation et de l'innovation. Il a exerc\u00e9 les fonctions de Responsable Emploi et Mobilit\u00e9 dans un groupe de presse puis Adjoint RH dans une soci\u00e9t\u00e9 internationale de conseil en Ressources Humaines. Il a occup\u00e9 ensuite les fonctions de Directeur des Ressources Humaines adjoint (DRH adjoint) puis Directeur des Talents et du D\u00e9veloppement des Ressources Humaines dans l'univers de l'\u00e9dition.","og_url":"https:\/\/www.aymericvincent.fr\/?page_id=1526","og_site_name":"Aymeric Vincent","article_modified_time":"2020-08-08T07:08:37+00:00","og_image":[{"url":"https:\/\/www.aymericvincent.fr\/wp-content\/uploads\/2019\/11\/aymeric_vincent-300x200.jpg","type":"","width":"","height":""}],"twitter_card":"summary_large_image","twitter_site":"@aymericvincent","twitter_misc":{"Dur\u00e9e de lecture estim\u00e9e":"2 minutes"},"schema":{"@context":"https:\/\/schema.org","@graph":[{"@type":"WebPage","@id":"https:\/\/www.aymericvincent.fr\/?page_id=1526","url":"https:\/\/www.aymericvincent.fr\/?page_id=1526","name":"A propos | Aymeric Vincent","isPartOf":{"@id":"https:\/\/www.aymericvincent.fr\/#website"},"primaryImageOfPage":{"@id":"https:\/\/www.aymericvincent.fr\/?page_id=1526#primaryimage"},"image":{"@id":"https:\/\/www.aymericvincent.fr\/?page_id=1526#primaryimage"},"thumbnailUrl":"https:\/\/www.aymericvincent.fr\/wp-content\/uploads\/2019\/11\/aymeric_vincent-300x200.jpg","datePublished":"2018-08-27T07:00:03+00:00","dateModified":"2020-08-08T07:08:37+00:00","description":"Aymeric Vincent est aujourd'hui Directeur de projets RH, en charge de la transformation et de l'innovation. Il a exerc\u00e9 les fonctions de Responsable Emploi et Mobilit\u00e9 dans un groupe de presse puis Adjoint RH dans une soci\u00e9t\u00e9 internationale de conseil en Ressources Humaines. Il a occup\u00e9 ensuite les fonctions de Directeur des Ressources Humaines adjoint (DRH adjoint) puis Directeur des Talents et du D\u00e9veloppement des Ressources Humaines dans l'univers de l'\u00e9dition.","breadcrumb":{"@id":"https:\/\/www.aymericvincent.fr\/?page_id=1526#breadcrumb"},"inLanguage":"fr-FR","potentialAction":[{"@type":"ReadAction","target":["https:\/\/www.aymericvincent.fr\/?page_id=1526"]}]},{"@type":"ImageObject","inLanguage":"fr-FR","@id":"https:\/\/www.aymericvincent.fr\/?page_id=1526#primaryimage","url":"https:\/\/www.aymericvincent.fr\/wp-content\/uploads\/2019\/11\/aymeric_vincent.jpg","contentUrl":"https:\/\/www.aymericvincent.fr\/wp-content\/uploads\/2019\/11\/aymeric_vincent.jpg","width":6720,"height":4480},{"@type":"BreadcrumbList","@id":"https:\/\/www.aymericvincent.fr\/?page_id=1526#breadcrumb","itemListElement":[{"@type":"ListItem","position":1,"name":"Accueil","item":"https:\/\/www.aymericvincent.fr\/"},{"@type":"ListItem","position":2,"name":"A propos"}]},{"@type":"WebSite","@id":"https:\/\/www.aymericvincent.fr\/#website","url":"https:\/\/www.aymericvincent.fr\/","name":"Aymeric Vincent","description":"Le blog de Aymeric Vincent - Management, RH et Responsabilit\u00e9 Soci\u00e9tale","publisher":{"@id":"https:\/\/www.aymericvincent.fr\/#\/schema\/person\/7eae4d27b09369dbd5d9d7c7b16d4643"},"potentialAction":[{"@type":"SearchAction","target":{"@type":"EntryPoint","urlTemplate":"https:\/\/www.aymericvincent.fr\/?s={search_term_string}"},"query-input":{"@type":"PropertyValueSpecification","valueRequired":true,"valueName":"search_term_string"}}],"inLanguage":"fr-FR"},{"@type":["Person","Organization"],"@id":"https:\/\/www.aymericvincent.fr\/#\/schema\/person\/7eae4d27b09369dbd5d9d7c7b16d4643","name":"Aymeric Vincent","image":{"@type":"ImageObject","inLanguage":"fr-FR","@id":"https:\/\/www.aymericvincent.fr\/wp-content\/uploads\/2019\/11\/aymeric_vincent-1024x683.jpg","url":"https:\/\/www.aymericvincent.fr\/wp-content\/uploads\/2019\/11\/aymeric_vincent-1024x683.jpg","contentUrl":"https:\/\/www.aymericvincent.fr\/wp-content\/uploads\/2019\/11\/aymeric_vincent-1024x683.jpg","width":1024,"height":683,"caption":"Aymeric Vincent"},"logo":{"@id":"https:\/\/www.aymericvincent.fr\/wp-content\/uploads\/2019\/11\/aymeric_vincent-1024x683.jpg"},"description":"Directeur des Ressources Humaines adjoint dans l'univers de l'\u00e9dition","sameAs":["https:\/\/www.aymericvincent.fr"]}]}},"_links":{"self":[{"href":"https:\/\/www.aymericvincent.fr\/index.php?rest_route=\/wp\/v2\/pages\/1526","targetHints":{"allow":["GET"]}}],"collection":[{"href":"https:\/\/www.aymericvincent.fr\/index.php?rest_route=\/wp\/v2\/pages"}],"about":[{"href":"https:\/\/www.aymericvincent.fr\/index.php?rest_route=\/wp\/v2\/types\/page"}],"author":[{"embeddable":true,"href":"https:\/\/www.aymericvincent.fr\/index.php?rest_route=\/wp\/v2\/users\/1"}],"replies":[{"embeddable":true,"href":"https:\/\/www.aymericvincent.fr\/index.php?rest_route=%2Fwp%2Fv2%2Fcomments&post=1526"}],"version-history":[{"count":39,"href":"https:\/\/www.aymericvincent.fr\/index.php?rest_route=\/wp\/v2\/pages\/1526\/revisions"}],"predecessor-version":[{"id":11779,"href":"https:\/\/www.aymericvincent.fr\/index.php?rest_route=\/wp\/v2\/pages\/1526\/revisions\/11779"}],"wp:attachment":[{"href":"https:\/\/www.aymericvincent.fr\/index.php?rest_route=%2Fwp%2Fv2%2Fmedia&parent=1526"}],"curies":[{"name":"wp","href":"https:\/\/api.w.org\/{rel}","templated":true}]}}